{"id":314,"date":"2025-03-11T13:25:14","date_gmt":"2025-03-11T12:25:14","guid":{"rendered":"https:\/\/www.machalka.cz\/?page_id=314"},"modified":"2025-03-11T13:25:15","modified_gmt":"2025-03-11T12:25:15","slug":"main-page","status":"publish","type":"page","link":"https:\/\/www.machalka.cz\/?page_id=314&lang=en","title":{"rendered":"Main Page"},"content":{"rendered":"\n<section class=\"wp-block-group three-column-cta is-layout-flow wp-block-group-is-layout-flow\">\n<div class=\"wp-block-group is-layout-flow wp-block-group-is-layout-flow\" style=\"padding-top:2em\">\n<h2 class=\"wp-block-heading has-text-align-center has-x-large-font-size\" id=\"nadchazejici-akce\">Coming Events<\/h2>\n\n\n<div id=\"ect-no-events\"><p>Moment\u00e1ln\u011b nejsou napl\u00e1novan\u00e9 \u017e\u00e1dn\u00e9 nadch\u00e1zej\u00edc\u00ed akce<\/p><\/div>\n\n\n\n<hr class=\"wp-block-separator has-text-color has-secondary-color has-alpha-channel-opacity has-secondary-background-color has-background\"\/>\n<\/div>\n<\/section>\n\n\n\n<section class=\"wp-block-group is-layout-constrained wp-container-core-group-is-layout-7614ca93 wp-block-group-is-layout-constrained\" style=\"padding-right:1em;padding-left:1em\">\n<div class=\"wp-block-group alignfull is-layout-flow wp-block-group-is-layout-flow\" style=\"padding-top:4em;padding-bottom:4em\">\n<h2 class=\"wp-block-heading has-text-align-center has-x-large-font-size\" id=\"oteviraci_doba\">Otev\u00edrac\u00ed doba a nab\u00eddka v\u00edn<\/h2>\n\n\n\n<div class=\"wp-block-columns is-layout-flex wp-container-core-columns-is-layout-28f84493 wp-block-columns-is-layout-flex\">\n<div class=\"wp-block-column is-layout-flow wp-block-column-is-layout-flow\" style=\"flex-basis:100%\">\n<div class=\"wp-block-columns is-layout-flex wp-container-core-columns-is-layout-28f84493 wp-block-columns-is-layout-flex\">\n<div class=\"wp-block-column is-layout-flow wp-block-column-is-layout-flow\">\n<p class=\"has-text-align-center has-medium-font-size\"><strong>V letn\u00edm obdob\u00ed (od dubna do z\u00e1\u0159\u00ed)<\/strong><br>\u010ctvrtek 16 \u2013 18h<br>P\u00e1tek 16 &#8211; 18h<br>Sobota 14 &#8211; 18h<\/p>\n\n\n\n<p class=\"has-text-align-center\"><\/p>\n\n\n\n<p class=\"has-text-align-center has-medium-font-size\"><strong>Od \u0159\u00edjna do b\u0159ezna plat\u00ed zkr\u00e1cen\u00e1 otev\u00edrac\u00ed doba<\/strong>!<br>Otev\u0159eno m\u00e1me pouze v sobotu od 14 &#8211; 17h<br><\/p>\n<\/div>\n<\/div>\n<\/div>\n<\/div>\n\n\n\n<p class=\"has-text-align-center has-medium-font-size\" style=\"padding-top:var(--wp--preset--spacing--50);padding-right:var(--wp--preset--spacing--50);padding-bottom:var(--wp--preset--spacing--50);padding-left:var(--wp--preset--spacing--50)\">V p\u0159\u00edpad\u011b z\u00e1jmu m\u00e1me otev\u0159eno i d\u00e9le, zejm\u00e9na v l\u00e9t\u011b \ud83d\ude42 . <br>Otev\u00edrac\u00ed dobu je tak\u00e9 mo\u017en\u00e9 roz\u0161\u00ed\u0159it podle dohody.<\/p>\n\n\n\n<div class=\"wp-block-columns is-layout-flex wp-container-core-columns-is-layout-25925686 wp-block-columns-is-layout-flex\" style=\"padding-top:4em\">\n<div class=\"wp-block-column align-center is-layout-flow wp-block-column-is-layout-flow\">\n<figure class=\"wp-block-image size-large is-resized\"><img loading=\"lazy\" decoding=\"async\" width=\"243\" height=\"1024\" src=\"https:\/\/test.machalka.cz\/wp-content\/uploads\/2023\/01\/RR2021-07-clear-243x1024.png\" alt=\"\" class=\"wp-image-102\" style=\"width:103px;height:435px\" srcset=\"https:\/\/www.machalka.cz\/wp-content\/uploads\/2023\/01\/RR2021-07-clear-243x1024.png 243w, https:\/\/www.machalka.cz\/wp-content\/uploads\/2023\/01\/RR2021-07-clear-71x300.png 71w, https:\/\/www.machalka.cz\/wp-content\/uploads\/2023\/01\/RR2021-07-clear-364x1536.png 364w\" sizes=\"auto, (max-width: 243px) 100vw, 243px\" \/><\/figure>\n<\/div>\n\n\n\n<div class=\"wp-block-column is-layout-flow wp-block-column-is-layout-flow\">\n<div class=\"wp-block-group is-layout-flow wp-block-group-is-layout-flow\">\n<h5 class=\"wp-block-heading md-text-center has-large-font-size\">V\u00edno je mo\u017en\u00e9 koupit:<\/h5>\n\n\n\n<ul class=\"wp-block-list\">\n<li>na m\u00edst\u011b do sklenky: <br>40 K\u010d za 1.5 dcl<\/li>\n<\/ul>\n\n\n\n<ul class=\"wp-block-list\">\n<li>lahvovan\u00e9 s na\u0161\u00ed etiketou: 180 &#8211; 200 K\u010d\/lahev<\/li>\n\n\n\n<li>Akce! M\u00fcller&nbsp;Thurgau 2022 a Chardonnay 2022 za 160 K\u010d!<\/li>\n<\/ul>\n<\/div>\n\n\n\n<div class=\"wp-block-group is-layout-flow wp-block-group-is-layout-flow\">\n<p class=\"has-text-align-right md-text-center has-medium-font-size\">.<\/p>\n<\/div>\n<\/div>\n\n\n\n<div class=\"wp-block-column is-layout-flow wp-block-column-is-layout-flow\" style=\"flex-basis:30px\"><\/div>\n\n\n\n<div class=\"wp-block-column is-layout-flow wp-block-column-is-layout-flow\">\n<div class=\"wp-block-group is-layout-flow wp-block-group-is-layout-flow\">\n<p class=\"has-large-font-size\"><strong>Aktu\u00e1ln\u00ed nab\u00eddka v\u00edn<\/strong>:<\/p>\n<\/div>\n\n\n\n<p class=\"has-medium-font-size\"><strong>B\u00edl\u00e1 v\u00edna<\/strong><\/p>\n\n\n\n<ul class=\"wp-block-list\">\n<li>Chardonnay 2022, such\u00e9; cena 160 K\u010d<\/li>\n\n\n\n<li>M\u00fcller&nbsp;Thurgau 2022, such\u00e9; cena 160 K\u010d<\/li>\n\n\n\n<li>Ryzlink r\u00fdnsk\u00fd 2022, such\u00fd; cena 180 K\u010d<\/li>\n\n\n\n<li>Rulandsk\u00e9 b\u00edl\u00e9 2022, such\u00e9; cena 180 K\u010d<\/li>\n\n\n\n<li>Mu\u0161k\u00e1t moravsk\u00fd 2023, such\u00fd; cena 200 K\u010d<\/li>\n\n\n\n<li>M\u00fcller&nbsp;Thurgau 2023, such\u00fd; cena 200 K\u010d<\/li>\n\n\n\n<li>Rulandsk\u00e9 b\u00edl\u00e9 2023, polosuch\u00e9; cena 200 K\u010d<\/li>\n\n\n\n<li>Ryzlink r\u00fdnsk\u00fd 2023, such\u00fd; cena 200 K\u010d<\/li>\n<\/ul>\n\n\n\n<p><strong>\u010cerven\u00e1 v\u00edna<\/strong><\/p>\n\n\n\n<ul class=\"wp-block-list\">\n<li>Modr\u00fd Portugal 2023, such\u00e9; cena 200 K\u010d<\/li>\n\n\n\n<li>Svatovav\u0159ineck\u00e9 2023, such\u00e9; cena 200 K\u010d<\/li>\n\n\n\n<li>Rulandsk\u00e9 modr\u00e9 2023, such\u00e9; cena 200 K\u010d<\/li>\n<\/ul>\n<\/div>\n<\/div>\n<\/div>\n\n\n\n<div class=\"wp-block-group is-layout-constrained wp-block-group-is-layout-constrained\"><\/div>\n\n\n\n<p class=\"has-text-align-center has-x-large-font-size\"><strong>Kontakt a kudy k n\u00e1m<\/strong><\/p>\n\n\n\n<p class=\"has-text-align-center has-medium-font-size\"><strong>telefon: 725 125 798&nbsp;&nbsp;&nbsp;&nbsp;&nbsp;&nbsp;&nbsp;&nbsp;&nbsp;&nbsp;&nbsp;&nbsp;&nbsp;&nbsp;&nbsp;&nbsp;&nbsp;&nbsp;&nbsp;&nbsp; email: machalka@machalka.cz<\/strong><\/p>\n\n\n\n<p class=\"has-text-align-center has-medium-font-size\"><strong>adresa: Proseck\u00e1 906\/34b<\/strong> (vedle Bobov\u00e9 dr\u00e1hy)<\/p>\n\n\n\n<p class=\"has-text-align-center has-small-font-size\">GPS:&nbsp;&nbsp;50.1147347N, 14.4895706E<\/p>\n\n\n\n<p class=\"has-text-align-center has-medium-font-size\"><strong>autem: <\/strong>parkovi\u0161t\u011b vedle bobov\u00e9 dr\u00e1hy<\/p>\n\n\n\n<p class=\"has-text-align-center has-medium-font-size\"><strong>trolejbus<\/strong>: \u010d\u00edslo 58, z&nbsp;Palmovky nebo Proseka, zast\u00e1vka Kellerka (na znamen\u00ed)<\/p>\n\n\n\n<p class=\"has-text-align-center has-medium-font-size\"><strong>p\u011b\u0161ky<\/strong>: z&nbsp;Proseka, z&nbsp;kopce cca 15 min, z \u010ceskomoravsk\u00e9 kr\u00e1sn\u00e1 proch\u00e1zka cca 20 min (ale do kopce \ud83d\ude42 )<\/p>\n<\/section>\n\n\n\n<section class=\"wp-block-group is-layout-constrained wp-container-core-group-is-layout-7614ca93 wp-block-group-is-layout-constrained\" style=\"padding-right:1em;padding-left:1em\">\n<div class=\"wp-block-columns is-layout-flex wp-container-core-columns-is-layout-28f84493 wp-block-columns-is-layout-flex\">\n<div class=\"wp-block-column is-vertically-aligned-center is-layout-flow wp-block-column-is-layout-flow\" style=\"flex-basis:30%\">\n<div class=\"wp-block-group is-vertical is-layout-flex wp-container-core-group-is-layout-fe9cc265 wp-block-group-is-layout-flex\">\n<h2 class=\"wp-block-heading has-x-large-font-size\">Pod\u011bkov\u00e1n\u00ed n\u00e1v\u0161t\u011bvn\u00edk\u016fm<\/h2>\n\n\n\n<p class=\"has-primary-color has-text-color has-small-font-size\" style=\"text-transform:uppercase\">Vinobrann\u00ed a vina\u0159sk\u00e9 slavnosti<\/p>\n\n\n\n<hr class=\"wp-block-separator has-text-color has-secondary-color has-alpha-channel-opacity has-secondary-background-color has-background\"\/>\n\n\n\n<p class=\"has-medium-font-size\">D\u011bkujeme v\u0161em n\u00e1v\u0161t\u011bvn\u00edk\u016fm Vinobran\u00ed a vina\u0159sk\u00fdch slavnost\u00ed a t\u011b\u0161\u00edme se na setk\u00e1n\u00ed zase na dal\u0161\u00ed akci!<\/p>\n\n\n\n<div class=\"wp-block-buttons is-layout-flex wp-block-buttons-is-layout-flex\"><\/div>\n<\/div>\n<\/div>\n\n\n\n<div class=\"wp-block-column is-layout-flow wp-block-column-is-layout-flow\" style=\"flex-basis:5%\"><\/div>\n\n\n\n<div class=\"wp-block-column is-layout-flow wp-block-column-is-layout-flow\" style=\"flex-basis:35.25%\">\n<figure class=\"wp-block-image size-full\"><img loading=\"lazy\" decoding=\"async\" width=\"450\" height=\"253\" src=\"https:\/\/test.machalka.cz\/wp-content\/uploads\/2022\/12\/panorama.jpg\" alt=\"\" class=\"wp-image-38\" srcset=\"https:\/\/www.machalka.cz\/wp-content\/uploads\/2022\/12\/panorama.jpg 450w, https:\/\/www.machalka.cz\/wp-content\/uploads\/2022\/12\/panorama-300x169.jpg 300w\" sizes=\"auto, (max-width: 450px) 100vw, 450px\" \/><\/figure>\n\n\n\n<figure class=\"wp-block-image size-large\"><img loading=\"lazy\" decoding=\"async\" width=\"1024\" height=\"576\" src=\"https:\/\/test.machalka.cz\/wp-content\/uploads\/2022\/12\/od-silnice-1024x576.jpg\" alt=\"\" class=\"wp-image-42\" srcset=\"https:\/\/www.machalka.cz\/wp-content\/uploads\/2022\/12\/od-silnice-1024x576.jpg 1024w, https:\/\/www.machalka.cz\/wp-content\/uploads\/2022\/12\/od-silnice-300x169.jpg 300w, https:\/\/www.machalka.cz\/wp-content\/uploads\/2022\/12\/od-silnice-768x432.jpg 768w, https:\/\/www.machalka.cz\/wp-content\/uploads\/2022\/12\/od-silnice.jpg 1280w\" sizes=\"auto, (max-width: 1024px) 100vw, 1024px\" \/><\/figure>\n<\/div>\n\n\n\n<div class=\"wp-block-column is-layout-flow wp-block-column-is-layout-flow\">\n<figure class=\"wp-block-image size-full is-resized\"><img loading=\"lazy\" decoding=\"async\" width=\"450\" height=\"374\" src=\"https:\/\/test.machalka.cz\/wp-content\/uploads\/2022\/12\/hrozno.jpg\" alt=\"\" class=\"wp-image-41\" style=\"width:211px;height:175px\" srcset=\"https:\/\/www.machalka.cz\/wp-content\/uploads\/2022\/12\/hrozno.jpg 450w, https:\/\/www.machalka.cz\/wp-content\/uploads\/2022\/12\/hrozno-300x249.jpg 300w\" sizes=\"auto, (max-width: 450px) 100vw, 450px\" \/><\/figure>\n\n\n\n<figure class=\"wp-block-image size-full\"><img loading=\"lazy\" decoding=\"async\" width=\"290\" height=\"450\" src=\"https:\/\/test.machalka.cz\/wp-content\/uploads\/2022\/12\/sklizen.jpg\" alt=\"\" class=\"wp-image-40\" srcset=\"https:\/\/www.machalka.cz\/wp-content\/uploads\/2022\/12\/sklizen.jpg 290w, https:\/\/www.machalka.cz\/wp-content\/uploads\/2022\/12\/sklizen-193x300.jpg 193w\" sizes=\"auto, (max-width: 290px) 100vw, 290px\" \/><\/figure>\n<\/div>\n<\/div>\n<\/section>\n\n\n\n<section class=\"wp-block-group is-layout-flow wp-block-group-is-layout-flow\">\n<div class=\"wp-block-cover has-parallax wp-duotone-unset-1\" style=\"padding-top:10rem;padding-bottom:10rem\"><span aria-hidden=\"true\" class=\"wp-block-cover__background has-background-dim-80 has-background-dim wp-block-cover__gradient-background has-background-gradient has-diagonal-primary-to-foreground-gradient-background\"><\/span><div class=\"wp-block-cover__image-background wp-image-68 has-parallax\" style=\"background-position:50% 50%;background-image:url(https:\/\/test.machalka.cz\/wp-content\/uploads\/2023\/01\/rano_3000-1-1.jpg)\"><\/div><div class=\"wp-block-cover__inner-container is-layout-flow wp-block-cover-is-layout-flow\">\n<div class=\"wp-block-group is-layout-constrained wp-block-group-is-layout-constrained\">\n<div class=\"wp-block-columns is-layout-flex wp-container-core-columns-is-layout-28f84493 wp-block-columns-is-layout-flex\">\n<div class=\"wp-block-column is-layout-flow wp-block-column-is-layout-flow\">\n<h2 class=\"wp-block-heading has-text-align-center has-x-large-font-size\" id=\"O_vinici\">O vinici M\u00e1chalka<\/h2>\n\n\n\n<header id=\"o_vinici\" class=\"wp-block-group is-layout-flow wp-block-group-is-layout-flow\"><\/header>\n\n\n\n<p class=\"has-medium-font-size\">Vina\u0159sk\u00e9 dru\u017estvo M\u00e1chalka bylo zalo\u017eeno v roce 1996 s hlavn\u00ed my\u0161lenkou obnovy historick\u00fdch vinohrad\u016f v Praze a okol\u00ed a tak\u00e9 v\u00fdroby kvalitn\u00edho v\u00edna. Sdru\u017euje p\u011bstitele a vina\u0159e p\u0159ev\u00e1\u017en\u011b ve voln\u00e9m \u010dase, kte\u0159\u00ed navazuj\u00ed na mnohaletou tradici \u00fazem\u00ed. Dru\u017estvo umo\u017e\u0148uje odborn\u00e9 vy\u017eit\u00ed a relaxaci dru\u017estevn\u00edk\u016f v oboru vina\u0159stv\u00ed a vinohradnictv\u00ed. V sou\u010dasn\u00e9 dob\u011b se poda\u0159ilo obnovit a zap\u011bstovat vinici M\u00e1chalka na katastru Vyso\u010dan pod Prosekem v Praze 9. Celou vinici vybudovali \u010dlenov\u00e9 dru\u017estva vlastn\u00edmi silami za podpory M\u010c Praha 9. T\u00edmto bohulib\u00fdm kon\u00e1n\u00edm p\u0159isp\u011bli k zlep\u0161en\u00ed \u017eivotn\u00edho prost\u0159ed\u00ed, spole\u010densk\u00e9ho \u017eivota m\u011bstsk\u00e9 \u010d\u00e1sti a vytvo\u0159ili neopakovateln\u00fd prvek m\u011bstsk\u00e9 \u010dtvrti. V&nbsp;sou\u010dasn\u00e9 dob\u011b se sna\u017e\u00edme vyu\u017e\u00edt z\u00e1jmu ve\u0159ejnosti a zp\u0159\u00edstup\u0148ovat vinici \u0161ir\u0161\u00edmu okruhu z\u00e1jemc\u016f o v\u00edno nebo i o kr\u00e1snou pr\u00e1ci ve vinohradu.<\/p>\n<\/div>\n<\/div>\n<\/div>\n<\/div><\/div>\n<\/section>\n\n\n\n<section class=\"wp-block-group is-layout-constrained wp-container-core-group-is-layout-7614ca93 wp-block-group-is-layout-constrained\" style=\"padding-right:1em;padding-left:1em\">\n<div class=\"wp-block-columns is-layout-flex wp-container-core-columns-is-layout-28f84493 wp-block-columns-is-layout-flex\">\n<div class=\"wp-block-column is-layout-flow wp-block-column-is-layout-flow\">\n<div class=\"wp-block-group is-vertical is-layout-flex wp-container-core-group-is-layout-fe9cc265 wp-block-group-is-layout-flex\">\n<h2 class=\"wp-block-heading has-x-large-font-size\">Na\u0161e odr\u016fdy<\/h2>\n\n\n\n<hr class=\"wp-block-separator has-text-color has-secondary-color has-alpha-channel-opacity has-secondary-background-color has-background\"\/>\n<\/div>\n<\/div>\n\n\n\n<div class=\"wp-block-column is-layout-flow wp-block-column-is-layout-flow\" style=\"flex-basis:5%\"><\/div>\n\n\n\n<div class=\"wp-block-column is-vertically-aligned-bottom is-layout-flow wp-block-column-is-layout-flow\"><\/div>\n<\/div>\n\n\n\n<div class=\"wp-block-columns is-layout-flex wp-container-core-columns-is-layout-28f84493 wp-block-columns-is-layout-flex\">\n<div class=\"wp-block-column is-layout-flow wp-block-column-is-layout-flow\">\n<div class=\"wp-block-group is-vertical is-layout-flex wp-container-core-group-is-layout-fe9cc265 wp-block-group-is-layout-flex\">\n<p>Na vinici p\u011bstujeme celkem 9 odr\u016fd vinn\u00e9 r\u00e9vy:<\/p>\n\n\n\n<p><\/p>\n<\/div>\n<\/div>\n\n\n\n<div class=\"wp-block-column is-layout-flow wp-block-column-is-layout-flow\" style=\"flex-basis:5%\"><\/div>\n\n\n\n<div class=\"wp-block-column is-vertically-aligned-center is-layout-flow wp-block-column-is-layout-flow\">\n<div class=\"wp-block-buttons is-content-justification-right is-layout-flex wp-container-core-buttons-is-layout-c133f063 wp-block-buttons-is-layout-flex\"><\/div>\n<\/div>\n<\/div>\n\n\n\n<div class=\"wp-block-columns is-layout-flex wp-container-core-columns-is-layout-7b28bb8f wp-block-columns-is-layout-flex\" style=\"margin-top:1em\">\n<div class=\"wp-block-column is-layout-flow wp-block-column-is-layout-flow\">\n<p>CH &#8211; Chardonnay<\/p>\n\n\n\n<p>RB &#8211; Rulandsk\u00e9 B\u00edl\u00e9<\/p>\n\n\n\n<p>RR &#8211; R\u00fdnsk\u00fd Ryzlink<\/p>\n\n\n\n<p>MT &#8211; Muller Thurgau<\/p>\n\n\n\n<p>MM &#8211; Mu\u0161k\u00e1t Moravsk\u00fd<\/p>\n\n\n\n<p>SV &#8211; Svatovav\u0159ineck\u00e9<\/p>\n\n\n\n<p>RM &#8211; Rulandsk\u00e9 Modr\u00e9 <\/p>\n\n\n\n<p>MP &#8211; Modr\u00fd Portugal <\/p>\n\n\n\n<p>D &nbsp; &#8211; Domina<\/p>\n<\/div>\n\n\n\n<div class=\"wp-block-column is-layout-flow wp-block-column-is-layout-flow\" style=\"flex-basis:5%\"><\/div>\n\n\n\n<div class=\"wp-block-column is-vertically-aligned-bottom is-layout-flow wp-block-column-is-layout-flow\">\n<figure class=\"wp-block-image size-full\"><img loading=\"lazy\" decoding=\"async\" width=\"450\" height=\"371\" src=\"https:\/\/test.machalka.cz\/wp-content\/uploads\/2023\/01\/plan-vinice.jpg\" alt=\"\" class=\"wp-image-57\" srcset=\"https:\/\/www.machalka.cz\/wp-content\/uploads\/2023\/01\/plan-vinice.jpg 450w, https:\/\/www.machalka.cz\/wp-content\/uploads\/2023\/01\/plan-vinice-300x247.jpg 300w\" sizes=\"auto, (max-width: 450px) 100vw, 450px\" \/><\/figure>\n<\/div>\n<\/div>\n<\/section>\n\n\n\n<section class=\"wp-block-group is-layout-constrained wp-container-core-group-is-layout-7614ca93 wp-block-group-is-layout-constrained\" style=\"padding-right:1em;padding-left:1em\">\n<hr class=\"wp-block-separator has-text-color has-secondary-color has-alpha-channel-opacity has-secondary-background-color has-background\"\/>\n\n\n\n<div class=\"wp-block-group is-layout-flow wp-block-group-is-layout-flow\" style=\"margin-top:4em\">\n<div class=\"wp-block-query is-layout-flow wp-block-query-is-layout-flow\"><ul class=\"alignfull wp-block-post-template is-layout-flow wp-block-post-template-is-layout-flow\"><li class=\"wp-block-post post-220 post type-post status-publish format-standard hentry category-nezarazene-cs\">\n\n<div class=\"wp-block-columns is-layout-flex wp-container-core-columns-is-layout-398b3aa3 wp-block-columns-is-layout-flex\">\n<div class=\"wp-block-column is-layout-flow wp-block-column-is-layout-flow\"><\/div>\n\n\n\n<div class=\"wp-block-column is-layout-flow wp-block-column-is-layout-flow\"><\/div>\n<\/div>\n\n<\/li><\/ul><\/div>\n\n\n\n<div class=\"wp-block-query is-layout-flow wp-block-query-is-layout-flow\"><\/div>\n<\/div>\n<\/section>\n","protected":false},"excerpt":{"rendered":"<p>Coming Events Otev\u00edrac\u00ed doba a nab\u00eddka v\u00edn V letn\u00edm obdob\u00ed (od dubna do z\u00e1\u0159\u00ed)\u010ctvrtek 16 \u2013 18hP\u00e1tek 16 &#8211; 18hSobota 14 &#8211; 18h Od \u0159\u00edjna do b\u0159ezna plat\u00ed zkr\u00e1cen\u00e1 otev\u00edrac\u00ed [&hellip;]<\/p>\n","protected":false},"author":1,"featured_media":0,"parent":0,"menu_order":0,"comment_status":"closed","ping_status":"closed","template":"","meta":{"_EventAllDay":false,"_EventTimezone":"","_EventStartDate":"","_EventEndDate":"","_EventStartDateUTC":"","_EventEndDateUTC":"","_EventShowMap":false,"_EventShowMapLink":false,"_EventURL":"","_EventCost":"","_EventCostDescription":"","_EventCurrencySymbol":"","_EventCurrencyCode":"","_EventCurrencyPosition":"","_EventDateTimeSeparator":"","_EventTimeRangeSeparator":"","_EventOrganizerID":[],"_EventVenueID":[],"_OrganizerEmail":"","_OrganizerPhone":"","_OrganizerWebsite":"","_VenueAddress":"","_VenueCity":"","_VenueCountry":"","_VenueProvince":"","_VenueState":"","_VenueZip":"","_VenuePhone":"","_VenueURL":"","_VenueStateProvince":"","_VenueLat":"","_VenueLng":"","_VenueShowMap":false,"_VenueShowMapLink":false,"footnotes":""},"class_list":["post-314","page","type-page","status-publish","hentry"],"lang":"en","translations":{"en":314,"cs":308},"pll_sync_post":[],"_links":{"self":[{"href":"https:\/\/www.machalka.cz\/index.php?rest_route=\/wp\/v2\/pages\/314","targetHints":{"allow":["GET"]}}],"collection":[{"href":"https:\/\/www.machalka.cz\/index.php?rest_route=\/wp\/v2\/pages"}],"about":[{"href":"https:\/\/www.machalka.cz\/index.php?rest_route=\/wp\/v2\/types\/page"}],"author":[{"embeddable":true,"href":"https:\/\/www.machalka.cz\/index.php?rest_route=\/wp\/v2\/users\/1"}],"replies":[{"embeddable":true,"href":"https:\/\/www.machalka.cz\/index.php?rest_route=%2Fwp%2Fv2%2Fcomments&post=314"}],"version-history":[{"count":1,"href":"https:\/\/www.machalka.cz\/index.php?rest_route=\/wp\/v2\/pages\/314\/revisions"}],"predecessor-version":[{"id":316,"href":"https:\/\/www.machalka.cz\/index.php?rest_route=\/wp\/v2\/pages\/314\/revisions\/316"}],"wp:attachment":[{"href":"https:\/\/www.machalka.cz\/index.php?rest_route=%2Fwp%2Fv2%2Fmedia&parent=314"}],"curies":[{"name":"wp","href":"https:\/\/api.w.org\/{rel}","templated":true}]}}